{"id":384,"date":"2016-03-01T14:49:50","date_gmt":"2016-03-01T13:49:50","guid":{"rendered":"https:\/\/www.lenoir-thomas.com\/?page_id=384&#038;lang=en"},"modified":"2024-04-08T10:16:22","modified_gmt":"2024-04-08T09:16:22","slug":"legal-mentions","status":"publish","type":"page","link":"https:\/\/www.lenoir-thomas.com\/en\/legal-mentions\/","title":{"rendered":"Legal Mention"},"content":{"rendered":"\t\t<div data-elementor-type=\"wp-page\" data-elementor-id=\"384\" class=\"elementor elementor-384 elementor-283\" data-elementor-post-type=\"page\">\n\t\t\t\t\t\t<section class=\"elementor-section elementor-top-section elementor-element elementor-element-e051efa pix-top-section-padding elementor-section-boxed elementor-section-height-default elementor-section-height-default\" data-id=\"e051efa\" data-element_type=\"section\" data-e-type=\"section\">\n\t\t\t\t\t\t<div class=\"elementor-container elementor-column-gap-default\">\n\t\t\t\t\t<div class=\"elementor-column elementor-col-100 elementor-top-column elementor-element elementor-element-cc9197d\" data-id=\"cc9197d\" data-element_type=\"column\" data-e-type=\"column\">\n\t\t\t<div class=\"elementor-widget-wrap elementor-element-populated\">\n\t\t\t\t\t\t<div class=\"elementor-element elementor-element-ac72090 elementor-widget elementor-widget-heading\" data-id=\"ac72090\" data-element_type=\"widget\" data-e-type=\"widget\" data-widget_type=\"heading.default\">\n\t\t\t\t<div class=\"elementor-widget-container\">\n\t\t\t\t\t<h2 class=\"elementor-heading-title elementor-size-default\">Legal Information \u2013 SARL Lenoir-Thomas<\/h2>\t\t\t\t<\/div>\n\t\t\t\t<\/div>\n\t\t\t\t<section class=\"elementor-section elementor-inner-section elementor-element elementor-element-7d1b543 elementor-section-boxed elementor-section-height-default elementor-section-height-default\" data-id=\"7d1b543\" data-element_type=\"section\" data-e-type=\"section\">\n\t\t\t\t\t\t<div class=\"elementor-container elementor-column-gap-default\">\n\t\t\t\t\t<div class=\"elementor-column elementor-col-50 elementor-inner-column elementor-element elementor-element-bdc766d\" data-id=\"bdc766d\" data-element_type=\"column\" data-e-type=\"column\">\n\t\t\t<div class=\"elementor-widget-wrap elementor-element-populated\">\n\t\t\t\t\t\t<div class=\"elementor-element elementor-element-0f16c19 elementor-widget elementor-widget-text-editor\" data-id=\"0f16c19\" data-element_type=\"widget\" data-e-type=\"widget\" data-widget_type=\"text-editor.default\">\n\t\t\t\t<div class=\"elementor-widget-container\">\n\t\t\t\t\t\t\t\t\t<p><strong>Lenoir-Thomas Mar\u00e9e<\/strong><br \/>\nSoci\u00e9t\u00e9 \u00e0 responsabilit\u00e9 limit\u00e9e au capital de 7774,90 euros<\/p>\n<p><strong>Manager:<\/strong> M. Fran\u00e7ois Thomas<\/p>\n<p><strong>Head Office:<\/strong><br \/>\nParcelle 33 \u2013 ZAC<br \/>\n50560 Blainville-sur-Mer \u2013 France<\/p>\n<p><strong>SIRET<\/strong>: 351 884 101 00012<br \/>\n<strong>SIREN<\/strong>: 351 884 101<br \/>\n351 884 101 R.C.S. COUTANCES<\/p>\n<p><strong>Publication directors:<\/strong> M. Fran\u00e7ois Thomas et M. Alban Lenoir<\/p>\n<p><strong>Personal data processing:<\/strong><br \/>\nThe personal data collected on this site are used only within a possible commercial relation.<br \/>\nYour personal data are not transfered to any third party.<br \/>\nYou have a right to consult, modify and delete your personal data, to exercise your rights, please contact us by phone at +33 (0)2 33 47 00 53 or by mail to the following address :<br \/>\n7 rue du banc du nord<br \/>\n<em>F-50560 Blainville-Sur-Mer<\/em><\/p>\n<p><strong>Hosting:<\/strong><br \/>\nCe site est h\u00e9berg\u00e9 par la soci\u00e9t\u00e9 OVH <strong>www.ovh.com<\/strong><\/p>\n\t\t\t\t\t\t\t\t<\/div>\n\t\t\t\t<\/div>\n\t\t\t\t\t<\/div>\n\t\t<\/div>\n\t\t\t\t<div class=\"elementor-column elementor-col-50 elementor-inner-column elementor-element elementor-element-7ef47f7\" data-id=\"7ef47f7\" data-element_type=\"column\" data-e-type=\"column\">\n\t\t\t<div class=\"elementor-widget-wrap elementor-element-populated\">\n\t\t\t\t\t\t<div class=\"elementor-element elementor-element-82eb0fe elementor-widget elementor-widget-image\" data-id=\"82eb0fe\" data-element_type=\"widget\" data-e-type=\"widget\" data-widget_type=\"image.default\">\n\t\t\t\t<div class=\"elementor-widget-container\">\n\t\t\t\t\t\t\t\t\t\t\t\t\t\t\t<img fetchpriority=\"high\" decoding=\"async\" width=\"800\" height=\"600\" src=\"https:\/\/www.lenoir-thomas.com\/wp-content\/uploads\/2015\/06\/IMG_1263-1024x768.jpg\" class=\"attachment-large size-large wp-image-573\" alt=\"\" srcset=\"https:\/\/www.lenoir-thomas.com\/wp-content\/uploads\/2015\/06\/IMG_1263.jpg 1024w, https:\/\/www.lenoir-thomas.com\/wp-content\/uploads\/2015\/06\/IMG_1263-600x450.jpg 600w, https:\/\/www.lenoir-thomas.com\/wp-content\/uploads\/2015\/06\/IMG_1263-500x375.jpg 500w, https:\/\/www.lenoir-thomas.com\/wp-content\/uploads\/2015\/06\/IMG_1263-300x225.jpg 300w, https:\/\/www.lenoir-thomas.com\/wp-content\/uploads\/2015\/06\/IMG_1263-800x600.jpg 800w\" sizes=\"(max-width: 800px) 100vw, 800px\" \/>\t\t\t\t\t\t\t\t\t\t\t\t\t\t\t<\/div>\n\t\t\t\t<\/div>\n\t\t\t\t\t<\/div>\n\t\t<\/div>\n\t\t\t\t\t<\/div>\n\t\t<\/section>\n\t\t\t\t\t<\/div>\n\t\t<\/div>\n\t\t\t\t\t<\/div>\n\t\t<\/section>\n\t\t\t\t<\/div>\n\t\t","protected":false},"excerpt":{"rendered":"<p>Legal Information \u2013 SARL Lenoir-Thomas Lenoir-Thomas Mar\u00e9e Soci\u00e9t\u00e9 \u00e0 responsabilit\u00e9 limit\u00e9e au capital de 7774,90 euros Manager: M. Fran\u00e7ois Thomas Head Office: Parcelle 33 \u2013 ZAC 50560 Blainville-sur-Mer \u2013 France SIRET: 351 884 101 00012 SIREN: 351 884 101 351 884 101 R.C.S. COUTANCES Publication directors: M. Fran\u00e7ois Thomas et M. Alban Lenoir Personal data [&hellip;]<\/p>\n","protected":false},"author":1,"featured_media":0,"parent":0,"menu_order":10,"comment_status":"closed","ping_status":"closed","template":"","meta":{"footnotes":""},"class_list":["post-384","page","type-page","status-publish","hentry"],"yoast_head":"<!-- This site is optimized with the Yoast SEO plugin v27.5 - https:\/\/yoast.com\/product\/yoast-seo-wordpress\/ -->\n<title>Legal Mention - Lenoir Thomas<\/title>\n<meta name=\"robots\" content=\"index, follow, max-snippet:-1, max-image-preview:large, max-video-preview:-1\" \/>\n<link rel=\"canonical\" href=\"https:\/\/www.lenoir-thomas.com\/en\/legal-mentions\/\" \/>\n<meta property=\"og:locale\" content=\"en_US\" \/>\n<meta property=\"og:type\" content=\"article\" \/>\n<meta property=\"og:title\" content=\"Legal Mention - Lenoir Thomas\" \/>\n<meta property=\"og:description\" content=\"Legal Information \u2013 SARL Lenoir-Thomas Lenoir-Thomas Mar\u00e9e Soci\u00e9t\u00e9 \u00e0 responsabilit\u00e9 limit\u00e9e au capital de 7774,90 euros Manager: M. Fran\u00e7ois Thomas Head Office: Parcelle 33 \u2013 ZAC 50560 Blainville-sur-Mer \u2013 France SIRET: 351 884 101 00012 SIREN: 351 884 101 351 884 101 R.C.S. COUTANCES Publication directors: M. Fran\u00e7ois Thomas et M. Alban Lenoir Personal data [&hellip;]\" \/>\n<meta property=\"og:url\" content=\"https:\/\/www.lenoir-thomas.com\/en\/legal-mentions\/\" \/>\n<meta property=\"og:site_name\" content=\"Lenoir Thomas\" \/>\n<meta property=\"article:modified_time\" content=\"2024-04-08T09:16:22+00:00\" \/>\n<meta property=\"og:image\" content=\"https:\/\/www.lenoir-thomas.com\/wp-content\/uploads\/2015\/06\/IMG_1263-1024x768.jpg\" \/>\n<meta name=\"twitter:card\" content=\"summary_large_image\" \/>\n<meta name=\"twitter:label1\" content=\"Est. reading time\" \/>\n\t<meta name=\"twitter:data1\" content=\"1 minute\" \/>\n<script type=\"application\/ld+json\" class=\"yoast-schema-graph\">{\"@context\":\"https:\\\/\\\/schema.org\",\"@graph\":[{\"@type\":\"WebPage\",\"@id\":\"https:\\\/\\\/www.lenoir-thomas.com\\\/en\\\/legal-mentions\\\/\",\"url\":\"https:\\\/\\\/www.lenoir-thomas.com\\\/en\\\/legal-mentions\\\/\",\"name\":\"Legal Mention - Lenoir Thomas\",\"isPartOf\":{\"@id\":\"https:\\\/\\\/www.lenoir-thomas.com\\\/en\\\/#website\"},\"primaryImageOfPage\":{\"@id\":\"https:\\\/\\\/www.lenoir-thomas.com\\\/en\\\/legal-mentions\\\/#primaryimage\"},\"image\":{\"@id\":\"https:\\\/\\\/www.lenoir-thomas.com\\\/en\\\/legal-mentions\\\/#primaryimage\"},\"thumbnailUrl\":\"https:\\\/\\\/www.lenoir-thomas.com\\\/wp-content\\\/uploads\\\/2015\\\/06\\\/IMG_1263-1024x768.jpg\",\"datePublished\":\"2016-03-01T13:49:50+00:00\",\"dateModified\":\"2024-04-08T09:16:22+00:00\",\"breadcrumb\":{\"@id\":\"https:\\\/\\\/www.lenoir-thomas.com\\\/en\\\/legal-mentions\\\/#breadcrumb\"},\"inLanguage\":\"en-US\",\"potentialAction\":[{\"@type\":\"ReadAction\",\"target\":[\"https:\\\/\\\/www.lenoir-thomas.com\\\/en\\\/legal-mentions\\\/\"]}]},{\"@type\":\"ImageObject\",\"inLanguage\":\"en-US\",\"@id\":\"https:\\\/\\\/www.lenoir-thomas.com\\\/en\\\/legal-mentions\\\/#primaryimage\",\"url\":\"https:\\\/\\\/www.lenoir-thomas.com\\\/wp-content\\\/uploads\\\/2015\\\/06\\\/IMG_1263-1024x768.jpg\",\"contentUrl\":\"https:\\\/\\\/www.lenoir-thomas.com\\\/wp-content\\\/uploads\\\/2015\\\/06\\\/IMG_1263-1024x768.jpg\"},{\"@type\":\"BreadcrumbList\",\"@id\":\"https:\\\/\\\/www.lenoir-thomas.com\\\/en\\\/legal-mentions\\\/#breadcrumb\",\"itemListElement\":[{\"@type\":\"ListItem\",\"position\":1,\"name\":\"Accueil\",\"item\":\"https:\\\/\\\/www.lenoir-thomas.com\\\/en\\\/home\\\/\"},{\"@type\":\"ListItem\",\"position\":2,\"name\":\"Legal Mention\"}]},{\"@type\":\"WebSite\",\"@id\":\"https:\\\/\\\/www.lenoir-thomas.com\\\/en\\\/#website\",\"url\":\"https:\\\/\\\/www.lenoir-thomas.com\\\/en\\\/\",\"name\":\"Lenoir Thomas\",\"description\":\"\",\"potentialAction\":[{\"@type\":\"SearchAction\",\"target\":{\"@type\":\"EntryPoint\",\"urlTemplate\":\"https:\\\/\\\/www.lenoir-thomas.com\\\/en\\\/?s={search_term_string}\"},\"query-input\":{\"@type\":\"PropertyValueSpecification\",\"valueRequired\":true,\"valueName\":\"search_term_string\"}}],\"inLanguage\":\"en-US\"}]}<\/script>\n<!-- \/ Yoast SEO plugin. -->","yoast_head_json":{"title":"Legal Mention - Lenoir Thomas","robots":{"index":"index","follow":"follow","max-snippet":"max-snippet:-1","max-image-preview":"max-image-preview:large","max-video-preview":"max-video-preview:-1"},"canonical":"https:\/\/www.lenoir-thomas.com\/en\/legal-mentions\/","og_locale":"en_US","og_type":"article","og_title":"Legal Mention - Lenoir Thomas","og_description":"Legal Information \u2013 SARL Lenoir-Thomas Lenoir-Thomas Mar\u00e9e Soci\u00e9t\u00e9 \u00e0 responsabilit\u00e9 limit\u00e9e au capital de 7774,90 euros Manager: M. Fran\u00e7ois Thomas Head Office: Parcelle 33 \u2013 ZAC 50560 Blainville-sur-Mer \u2013 France SIRET: 351 884 101 00012 SIREN: 351 884 101 351 884 101 R.C.S. COUTANCES Publication directors: M. Fran\u00e7ois Thomas et M. Alban Lenoir Personal data [&hellip;]","og_url":"https:\/\/www.lenoir-thomas.com\/en\/legal-mentions\/","og_site_name":"Lenoir Thomas","article_modified_time":"2024-04-08T09:16:22+00:00","og_image":[{"url":"https:\/\/www.lenoir-thomas.com\/wp-content\/uploads\/2015\/06\/IMG_1263-1024x768.jpg","type":"","width":"","height":""}],"twitter_card":"summary_large_image","twitter_misc":{"Est. reading time":"1 minute"},"schema":{"@context":"https:\/\/schema.org","@graph":[{"@type":"WebPage","@id":"https:\/\/www.lenoir-thomas.com\/en\/legal-mentions\/","url":"https:\/\/www.lenoir-thomas.com\/en\/legal-mentions\/","name":"Legal Mention - Lenoir Thomas","isPartOf":{"@id":"https:\/\/www.lenoir-thomas.com\/en\/#website"},"primaryImageOfPage":{"@id":"https:\/\/www.lenoir-thomas.com\/en\/legal-mentions\/#primaryimage"},"image":{"@id":"https:\/\/www.lenoir-thomas.com\/en\/legal-mentions\/#primaryimage"},"thumbnailUrl":"https:\/\/www.lenoir-thomas.com\/wp-content\/uploads\/2015\/06\/IMG_1263-1024x768.jpg","datePublished":"2016-03-01T13:49:50+00:00","dateModified":"2024-04-08T09:16:22+00:00","breadcrumb":{"@id":"https:\/\/www.lenoir-thomas.com\/en\/legal-mentions\/#breadcrumb"},"inLanguage":"en-US","potentialAction":[{"@type":"ReadAction","target":["https:\/\/www.lenoir-thomas.com\/en\/legal-mentions\/"]}]},{"@type":"ImageObject","inLanguage":"en-US","@id":"https:\/\/www.lenoir-thomas.com\/en\/legal-mentions\/#primaryimage","url":"https:\/\/www.lenoir-thomas.com\/wp-content\/uploads\/2015\/06\/IMG_1263-1024x768.jpg","contentUrl":"https:\/\/www.lenoir-thomas.com\/wp-content\/uploads\/2015\/06\/IMG_1263-1024x768.jpg"},{"@type":"BreadcrumbList","@id":"https:\/\/www.lenoir-thomas.com\/en\/legal-mentions\/#breadcrumb","itemListElement":[{"@type":"ListItem","position":1,"name":"Accueil","item":"https:\/\/www.lenoir-thomas.com\/en\/home\/"},{"@type":"ListItem","position":2,"name":"Legal Mention"}]},{"@type":"WebSite","@id":"https:\/\/www.lenoir-thomas.com\/en\/#website","url":"https:\/\/www.lenoir-thomas.com\/en\/","name":"Lenoir Thomas","description":"","potentialAction":[{"@type":"SearchAction","target":{"@type":"EntryPoint","urlTemplate":"https:\/\/www.lenoir-thomas.com\/en\/?s={search_term_string}"},"query-input":{"@type":"PropertyValueSpecification","valueRequired":true,"valueName":"search_term_string"}}],"inLanguage":"en-US"}]}},"_links":{"self":[{"href":"https:\/\/www.lenoir-thomas.com\/en\/wp-json\/wp\/v2\/pages\/384","targetHints":{"allow":["GET"]}}],"collection":[{"href":"https:\/\/www.lenoir-thomas.com\/en\/wp-json\/wp\/v2\/pages"}],"about":[{"href":"https:\/\/www.lenoir-thomas.com\/en\/wp-json\/wp\/v2\/types\/page"}],"author":[{"embeddable":true,"href":"https:\/\/www.lenoir-thomas.com\/en\/wp-json\/wp\/v2\/users\/1"}],"replies":[{"embeddable":true,"href":"https:\/\/www.lenoir-thomas.com\/en\/wp-json\/wp\/v2\/comments?post=384"}],"version-history":[{"count":7,"href":"https:\/\/www.lenoir-thomas.com\/en\/wp-json\/wp\/v2\/pages\/384\/revisions"}],"predecessor-version":[{"id":1187,"href":"https:\/\/www.lenoir-thomas.com\/en\/wp-json\/wp\/v2\/pages\/384\/revisions\/1187"}],"wp:attachment":[{"href":"https:\/\/www.lenoir-thomas.com\/en\/wp-json\/wp\/v2\/media?parent=384"}],"curies":[{"name":"wp","href":"https:\/\/api.w.org\/{rel}","templated":true}]}}